{"id":59,"date":"2015-04-30T16:21:33","date_gmt":"2015-04-30T13:21:33","guid":{"rendered":"http:\/\/mielenaukea.fi\/wordpress\/?page_id=59"},"modified":"2017-01-27T21:53:17","modified_gmt":"2017-01-27T18:53:17","slug":"kirjoittaja","status":"publish","type":"page","link":"http:\/\/mielenaukea.fi\/?page_id=59","title":{"rendered":"KIRJOITTAJA"},"content":{"rendered":"<h3><a href=\"http:\/\/mielenaukea.fi\/wordpress\/wp-content\/uploads\/2015\/04\/prof.jpg\"><img loading=\"lazy\" decoding=\"async\" class=\" wp-image-88 alignleft\" src=\"http:\/\/mielenaukea.fi\/wordpress\/wp-content\/uploads\/2015\/04\/prof.jpg\" alt=\"Profiilikuva\" width=\"156\" height=\"191\" srcset=\"http:\/\/mielenaukea.fi\/wordpress\/wp-content\/uploads\/2015\/04\/prof.jpg 385w, http:\/\/mielenaukea.fi\/wordpress\/wp-content\/uploads\/2015\/04\/prof-246x300.jpg 246w\" sizes=\"auto, (max-width: 156px) 100vw, 156px\" \/><\/a>TIMO<\/h3>\n<ul>\n<li>Sairaanhoitaja (AMK)<\/li>\n<li>L\u00e4hihoitaja (mielenterveys-, kriisi- ja p\u00e4ihdety\u00f6)<\/li>\n<li>Neuropsykiatrinen valmentaja<\/li>\n<li>Hyvinvointivalmentaja<\/li>\n<li>Ihminen<\/li>\n<li>Is\u00e4<\/li>\n<\/ul>\n<h1><\/h1>\n","protected":false},"excerpt":{"rendered":"<p>TIMO Sairaanhoitaja (AMK) L\u00e4hihoitaja (mielenterveys-, kriisi- ja p\u00e4ihdety\u00f6) Neuropsykiatrinen valmentaja Hyvinvointivalmentaja Ihminen Is\u00e4<\/p>\n","protected":false},"author":1,"featured_media":0,"parent":0,"menu_order":0,"comment_status":"closed","ping_status":"closed","template":"","meta":{"footnotes":""},"class_list":["post-59","page","type-page","status-publish","hentry"],"_links":{"self":[{"href":"http:\/\/mielenaukea.fi\/index.php?rest_route=\/wp\/v2\/pages\/59","targetHints":{"allow":["GET"]}}],"collection":[{"href":"http:\/\/mielenaukea.fi\/index.php?rest_route=\/wp\/v2\/pages"}],"about":[{"href":"http:\/\/mielenaukea.fi\/index.php?rest_route=\/wp\/v2\/types\/page"}],"author":[{"embeddable":true,"href":"http:\/\/mielenaukea.fi\/index.php?rest_route=\/wp\/v2\/users\/1"}],"replies":[{"embeddable":true,"href":"http:\/\/mielenaukea.fi\/index.php?rest_route=%2Fwp%2Fv2%2Fcomments&post=59"}],"version-history":[{"count":8,"href":"http:\/\/mielenaukea.fi\/index.php?rest_route=\/wp\/v2\/pages\/59\/revisions"}],"predecessor-version":[{"id":790,"href":"http:\/\/mielenaukea.fi\/index.php?rest_route=\/wp\/v2\/pages\/59\/revisions\/790"}],"wp:attachment":[{"href":"http:\/\/mielenaukea.fi\/index.php?rest_route=%2Fwp%2Fv2%2Fmedia&parent=59"}],"curies":[{"name":"wp","href":"https:\/\/api.w.org\/{rel}","templated":true}]}}